{"id":142,"date":"2025-06-04T14:42:50","date_gmt":"2025-06-04T14:42:50","guid":{"rendered":"https:\/\/musing-pare.107-190-131-154.plesk.page\/?page_id=142"},"modified":"2025-06-24T17:57:16","modified_gmt":"2025-06-24T17:57:16","slug":"sustentabilidade","status":"publish","type":"page","link":"https:\/\/gt3laminados.com.br\/index.php\/sustentabilidade\/","title":{"rendered":"Sustentabilidade"},"content":{"rendered":"\t\t<div data-elementor-type=\"wp-page\" data-elementor-id=\"142\" class=\"elementor elementor-142\">\n\t\t\t\t<div class=\"elementor-element elementor-element-9ec347d e-flex e-con-boxed e-con e-parent\" data-id=\"9ec347d\" data-element_type=\"container\">\n\t\t\t\t\t<div class=\"e-con-inner\">\n\t\t<div class=\"elementor-element elementor-element-c90a6f6 e-con-full e-flex e-con e-child\" data-id=\"c90a6f6\" data-element_type=\"container\">\n\t\t\t\t<div class=\"elementor-element elementor-element-7fa7e65 elementor-widget elementor-widget-heading\" data-id=\"7fa7e65\" data-element_type=\"widget\" data-widget_type=\"heading.default\">\n\t\t\t\t<div class=\"elementor-widget-container\">\n\t\t\t\t\t<h2 class=\"elementor-heading-title elementor-size-default\">Compromisso com o Futuro<\/h2>\t\t\t\t<\/div>\n\t\t\t\t<\/div>\n\t\t\t\t<div class=\"elementor-element elementor-element-9fa287a elementor-widget elementor-widget-text-editor\" data-id=\"9fa287a\" data-element_type=\"widget\" data-widget_type=\"text-editor.default\">\n\t\t\t\t<div class=\"elementor-widget-container\">\n\t\t\t\t\t\t\t\t\t<p>Na <strong data-start=\"445\" data-end=\"452\">GT3<\/strong>, acreditamos que inovar tamb\u00e9m \u00e9 preservar. Por isso, adotamos pr\u00e1ticas sustent\u00e1veis em todas as etapas do nosso processo \u2014 da escolha da mat\u00e9ria-prima \u00e0 destina\u00e7\u00e3o dos res\u00edduos. Nosso compromisso com o meio ambiente vai al\u00e9m do discurso: ele est\u00e1 presente nas nossas a\u00e7\u00f5es di\u00e1rias e nas solu\u00e7\u00f5es que entregamos ao mercado.<\/p>\t\t\t\t\t\t\t\t<\/div>\n\t\t\t\t<\/div>\n\t\t\t\t<\/div>\n\t\t\t\t\t<\/div>\n\t\t\t\t<\/div>\n\t\t<div class=\"elementor-element elementor-element-caf2518 e-flex e-con-boxed e-con e-parent\" data-id=\"caf2518\" data-element_type=\"container\" data-settings=\"{&quot;background_background&quot;:&quot;classic&quot;}\">\n\t\t\t\t\t<div class=\"e-con-inner\">\n\t\t<div class=\"elementor-element elementor-element-c60103d e-con-full e-flex e-con e-child\" data-id=\"c60103d\" data-element_type=\"container\">\n\t\t\t\t<div class=\"elementor-element elementor-element-e795c40 elementor-widget elementor-widget-heading\" data-id=\"e795c40\" data-element_type=\"widget\" data-widget_type=\"heading.default\">\n\t\t\t\t<div class=\"elementor-widget-container\">\n\t\t\t\t\t<h2 class=\"elementor-heading-title elementor-size-default\">Produ\u00e7\u00e3o Sustent\u00e1vel<\/h2>\t\t\t\t<\/div>\n\t\t\t\t<\/div>\n\t\t\t\t<div class=\"elementor-element elementor-element-894b8f4 elementor-widget elementor-widget-text-editor\" data-id=\"894b8f4\" data-element_type=\"widget\" data-widget_type=\"text-editor.default\">\n\t\t\t\t<div class=\"elementor-widget-container\">\n\t\t\t\t\t\t\t\t\t<p data-start=\"821\" data-end=\"984\">Trabalhamos com responsabilidade ambiental em nossa opera\u00e7\u00e3o industrial, adotando medidas que reduzem o impacto ambiental e promovem o uso consciente dos recursos:<\/p><ul data-start=\"986\" data-end=\"1175\"><li data-start=\"986\" data-end=\"1040\"><p data-start=\"988\" data-end=\"1040\">Otimiza\u00e7\u00e3o dos processos para reduzir desperd\u00edcios<\/p><\/li><li data-start=\"1041\" data-end=\"1092\"><p data-start=\"1043\" data-end=\"1092\">Reaproveitamento de aparas e sobras industriais<\/p><\/li><li data-start=\"1093\" data-end=\"1128\"><p data-start=\"1095\" data-end=\"1128\">Uso eficiente de energia e \u00e1gua<\/p><\/li><li data-start=\"1129\" data-end=\"1175\"><p data-start=\"1131\" data-end=\"1175\">Redu\u00e7\u00e3o de emiss\u00e3o de res\u00edduos no ambiente<\/p><\/li><\/ul>\t\t\t\t\t\t\t\t<\/div>\n\t\t\t\t<\/div>\n\t\t\t\t<\/div>\n\t\t<div class=\"elementor-element elementor-element-e028024 e-con-full e-flex e-con e-child\" data-id=\"e028024\" data-element_type=\"container\">\n\t\t\t\t<div class=\"elementor-element elementor-element-2ebe463 elementor-widget elementor-widget-image\" data-id=\"2ebe463\" data-element_type=\"widget\" data-widget_type=\"image.default\">\n\t\t\t\t<div class=\"elementor-widget-container\">\n\t\t\t\t\t\t\t\t\t\t\t\t\t\t\t<img fetchpriority=\"high\" decoding=\"async\" width=\"1000\" height=\"1000\" src=\"https:\/\/gt3laminados.com.br\/wp-content\/uploads\/2025\/06\/sustentabilidade-01.jpg\" class=\"attachment-large size-large wp-image-144\" alt=\"\" srcset=\"https:\/\/gt3laminados.com.br\/wp-content\/uploads\/2025\/06\/sustentabilidade-01.jpg 1000w, https:\/\/gt3laminados.com.br\/wp-content\/uploads\/2025\/06\/sustentabilidade-01-300x300.jpg 300w, https:\/\/gt3laminados.com.br\/wp-content\/uploads\/2025\/06\/sustentabilidade-01-150x150.jpg 150w, https:\/\/gt3laminados.com.br\/wp-content\/uploads\/2025\/06\/sustentabilidade-01-768x768.jpg 768w\" sizes=\"(max-width: 1000px) 100vw, 1000px\" \/>\t\t\t\t\t\t\t\t\t\t\t\t\t\t\t<\/div>\n\t\t\t\t<\/div>\n\t\t\t\t<\/div>\n\t\t\t\t\t<\/div>\n\t\t\t\t<\/div>\n\t\t<div class=\"elementor-element elementor-element-d9e4dd8 e-flex e-con-boxed e-con e-parent\" data-id=\"d9e4dd8\" data-element_type=\"container\" data-settings=\"{&quot;background_background&quot;:&quot;classic&quot;}\">\n\t\t\t\t\t<div class=\"e-con-inner\">\n\t\t<div class=\"elementor-element elementor-element-4547ed5 e-con-full e-flex e-con e-child\" data-id=\"4547ed5\" data-element_type=\"container\">\n\t\t\t\t<div class=\"elementor-element elementor-element-79058c6 elementor-widget elementor-widget-image\" data-id=\"79058c6\" data-element_type=\"widget\" data-widget_type=\"image.default\">\n\t\t\t\t<div class=\"elementor-widget-container\">\n\t\t\t\t\t\t\t\t\t\t\t\t\t\t\t<img decoding=\"async\" width=\"1000\" height=\"1000\" src=\"https:\/\/gt3laminados.com.br\/wp-content\/uploads\/2025\/06\/sustentabilidade-02.jpg\" class=\"attachment-large size-large wp-image-145\" alt=\"\" srcset=\"https:\/\/gt3laminados.com.br\/wp-content\/uploads\/2025\/06\/sustentabilidade-02.jpg 1000w, https:\/\/gt3laminados.com.br\/wp-content\/uploads\/2025\/06\/sustentabilidade-02-300x300.jpg 300w, https:\/\/gt3laminados.com.br\/wp-content\/uploads\/2025\/06\/sustentabilidade-02-150x150.jpg 150w, https:\/\/gt3laminados.com.br\/wp-content\/uploads\/2025\/06\/sustentabilidade-02-768x768.jpg 768w\" sizes=\"(max-width: 1000px) 100vw, 1000px\" \/>\t\t\t\t\t\t\t\t\t\t\t\t\t\t\t<\/div>\n\t\t\t\t<\/div>\n\t\t\t\t<\/div>\n\t\t<div class=\"elementor-element elementor-element-b8eb543 e-con-full e-flex e-con e-child\" data-id=\"b8eb543\" data-element_type=\"container\">\n\t\t\t\t<div class=\"elementor-element elementor-element-e59b4f0 elementor-widget elementor-widget-heading\" data-id=\"e59b4f0\" data-element_type=\"widget\" data-widget_type=\"heading.default\">\n\t\t\t\t<div class=\"elementor-widget-container\">\n\t\t\t\t\t<h2 class=\"elementor-heading-title elementor-size-default\">Reciclabilidade dos Materiais<\/h2>\t\t\t\t<\/div>\n\t\t\t\t<\/div>\n\t\t\t\t<div class=\"elementor-element elementor-element-0abedea elementor-widget elementor-widget-text-editor\" data-id=\"0abedea\" data-element_type=\"widget\" data-widget_type=\"text-editor.default\">\n\t\t\t\t<div class=\"elementor-widget-container\">\n\t\t\t\t\t\t\t\t\t<p data-start=\"1229\" data-end=\"1493\">Os materiais que produzimos, como o <strong data-start=\"1265\" data-end=\"1289\">Poliestireno (PSAI)<\/strong> e o <strong data-start=\"1294\" data-end=\"1316\">Polipropileno (PP)<\/strong>, s\u00e3o 100% recicl\u00e1veis. Isso significa que, ap\u00f3s seu uso, podem retornar \u00e0 cadeia produtiva, ajudando a diminuir a gera\u00e7\u00e3o de lixo industrial e promovendo uma economia circular.<\/p><ul data-start=\"1495\" data-end=\"1683\"><li data-start=\"1495\" data-end=\"1558\"><p data-start=\"1497\" data-end=\"1558\">Produtos com excelente reaproveitamento em novas aplica\u00e7\u00f5es<\/p><\/li><li data-start=\"1559\" data-end=\"1619\"><p data-start=\"1561\" data-end=\"1619\">Incentivo \u00e0 coleta seletiva e parcerias com recicladoras<\/p><\/li><li data-start=\"1620\" data-end=\"1683\"><p data-start=\"1622\" data-end=\"1683\">Contribui\u00e7\u00e3o ativa para cadeias de reaproveitamento t\u00e9cnico<\/p><\/li><\/ul>\t\t\t\t\t\t\t\t<\/div>\n\t\t\t\t<\/div>\n\t\t\t\t<\/div>\n\t\t\t\t\t<\/div>\n\t\t\t\t<\/div>\n\t\t<div class=\"elementor-element elementor-element-4ed5aec e-flex e-con-boxed e-con e-parent\" data-id=\"4ed5aec\" data-element_type=\"container\" data-settings=\"{&quot;background_background&quot;:&quot;classic&quot;}\">\n\t\t\t\t\t<div class=\"e-con-inner\">\n\t\t<div class=\"elementor-element elementor-element-0f73bf8 e-con-full e-flex e-con e-child\" data-id=\"0f73bf8\" data-element_type=\"container\">\n\t\t\t\t<div class=\"elementor-element elementor-element-19f5f0b elementor-widget elementor-widget-heading\" data-id=\"19f5f0b\" data-element_type=\"widget\" data-widget_type=\"heading.default\">\n\t\t\t\t<div class=\"elementor-widget-container\">\n\t\t\t\t\t<h2 class=\"elementor-heading-title elementor-size-default\">Responsabilidade Compartilhada<\/h2>\t\t\t\t<\/div>\n\t\t\t\t<\/div>\n\t\t\t\t<div class=\"elementor-element elementor-element-e9fa9bf elementor-widget elementor-widget-text-editor\" data-id=\"e9fa9bf\" data-element_type=\"widget\" data-widget_type=\"text-editor.default\">\n\t\t\t\t<div class=\"elementor-widget-container\">\n\t\t\t\t\t\t\t\t\t<p data-start=\"1738\" data-end=\"1816\">Entendemos que sustentabilidade \u00e9 uma constru\u00e7\u00e3o coletiva. Por isso, buscamos:<\/p><ul data-start=\"1818\" data-end=\"2058\"><li data-start=\"1818\" data-end=\"1894\"><p data-start=\"1820\" data-end=\"1894\">Conscientizar nossos clientes e parceiros sobre boas pr\u00e1ticas ambientais<\/p><\/li><li data-start=\"1895\" data-end=\"1975\"><p data-start=\"1897\" data-end=\"1975\">Estimular escolhas respons\u00e1veis na hora de adquirir e descartar os materiais<\/p><\/li><li data-start=\"1976\" data-end=\"2058\"><p data-start=\"1978\" data-end=\"2058\">Apoiar a\u00e7\u00f5es e iniciativas que promovam o desenvolvimento sustent\u00e1vel do setor<\/p><\/li><\/ul>\t\t\t\t\t\t\t\t<\/div>\n\t\t\t\t<\/div>\n\t\t\t\t<\/div>\n\t\t<div class=\"elementor-element elementor-element-8dfdea7 e-con-full e-flex e-con e-child\" data-id=\"8dfdea7\" data-element_type=\"container\">\n\t\t\t\t<div class=\"elementor-element elementor-element-36dae3b elementor-widget elementor-widget-image\" data-id=\"36dae3b\" data-element_type=\"widget\" data-widget_type=\"image.default\">\n\t\t\t\t<div class=\"elementor-widget-container\">\n\t\t\t\t\t\t\t\t\t\t\t\t\t\t\t<img decoding=\"async\" width=\"1000\" height=\"1000\" src=\"https:\/\/gt3laminados.com.br\/wp-content\/uploads\/2025\/06\/sustentabilidade-03.jpg\" class=\"attachment-large size-large wp-image-146\" alt=\"\" srcset=\"https:\/\/gt3laminados.com.br\/wp-content\/uploads\/2025\/06\/sustentabilidade-03.jpg 1000w, https:\/\/gt3laminados.com.br\/wp-content\/uploads\/2025\/06\/sustentabilidade-03-300x300.jpg 300w, https:\/\/gt3laminados.com.br\/wp-content\/uploads\/2025\/06\/sustentabilidade-03-150x150.jpg 150w, https:\/\/gt3laminados.com.br\/wp-content\/uploads\/2025\/06\/sustentabilidade-03-768x768.jpg 768w\" sizes=\"(max-width: 1000px) 100vw, 1000px\" \/>\t\t\t\t\t\t\t\t\t\t\t\t\t\t\t<\/div>\n\t\t\t\t<\/div>\n\t\t\t\t<\/div>\n\t\t\t\t\t<\/div>\n\t\t\t\t<\/div>\n\t\t<div class=\"elementor-element elementor-element-e0ad3a4 e-flex e-con-boxed e-con e-parent\" data-id=\"e0ad3a4\" data-element_type=\"container\">\n\t\t\t\t\t<div class=\"e-con-inner\">\n\t\t<div class=\"elementor-element elementor-element-8fb1dd8 e-con-full e-flex e-con e-child\" data-id=\"8fb1dd8\" data-element_type=\"container\">\n\t\t\t\t<div class=\"elementor-element elementor-element-15db24f elementor-widget elementor-widget-heading\" data-id=\"15db24f\" data-element_type=\"widget\" data-widget_type=\"heading.default\">\n\t\t\t\t<div class=\"elementor-widget-container\">\n\t\t\t\t\t<h2 class=\"elementor-heading-title elementor-size-default\">Solu\u00e7\u00f5es que respeitam o planeta<\/h2>\t\t\t\t<\/div>\n\t\t\t\t<\/div>\n\t\t\t\t<div class=\"elementor-element elementor-element-84f60e3 elementor-widget elementor-widget-text-editor\" data-id=\"84f60e3\" data-element_type=\"widget\" data-widget_type=\"text-editor.default\">\n\t\t\t\t<div class=\"elementor-widget-container\">\n\t\t\t\t\t\t\t\t\t<p data-start=\"2129\" data-end=\"2285\">Nosso objetivo \u00e9 oferecer <strong data-start=\"2155\" data-end=\"2176\">qualidade t\u00e9cnica<\/strong> aliada \u00e0 <strong data-start=\"2186\" data-end=\"2216\">responsabilidade ambiental<\/strong>, entregando solu\u00e7\u00f5es eficientes para o seu projeto e para o mundo.<\/p><p data-start=\"2287\" data-end=\"2390\"><strong data-start=\"2287\" data-end=\"2390\">Entre em contato e saiba como podemos atender sua empresa com intelig\u00eancia e consci\u00eancia ambiental.<\/strong><\/p>\t\t\t\t\t\t\t\t<\/div>\n\t\t\t\t<\/div>\n\t\t<div class=\"elementor-element elementor-element-ddf8b29 e-con-full e-flex e-con e-child\" data-id=\"ddf8b29\" data-element_type=\"container\">\n\t\t<div class=\"elementor-element elementor-element-a3bc29f e-con-full e-flex e-con e-child\" data-id=\"a3bc29f\" data-element_type=\"container\">\n\t\t<div class=\"elementor-element elementor-element-9ffe51c e-con-full e-flex e-con e-child\" data-id=\"9ffe51c\" data-element_type=\"container\">\n\t\t\t\t<div class=\"elementor-element elementor-element-01fa6c7 elementor-view-default elementor-position-top elementor-mobile-position-top elementor-widget elementor-widget-icon-box\" data-id=\"01fa6c7\" data-element_type=\"widget\" data-widget_type=\"icon-box.default\">\n\t\t\t\t<div class=\"elementor-widget-container\">\n\t\t\t\t\t\t\t<div class=\"elementor-icon-box-wrapper\">\n\n\t\t\t\t\t\t<div class=\"elementor-icon-box-icon\">\n\t\t\t\t<span  class=\"elementor-icon\">\n\t\t\t\t<svg aria-hidden=\"true\" class=\"e-font-icon-svg e-fas-phone-alt\" viewBox=\"0 0 512 512\" xmlns=\"http:\/\/www.w3.org\/2000\/svg\"><path d=\"M497.39 361.8l-112-48a24 24 0 0 0-28 6.9l-49.6 60.6A370.66 370.66 0 0 1 130.6 204.11l60.6-49.6a23.94 23.94 0 0 0 6.9-28l-48-112A24.16 24.16 0 0 0 122.6.61l-104 24A24 24 0 0 0 0 48c0 256.5 207.9 464 464 464a24 24 0 0 0 23.4-18.6l24-104a24.29 24.29 0 0 0-14.01-27.6z\"><\/path><\/svg>\t\t\t\t<\/span>\n\t\t\t<\/div>\n\t\t\t\n\t\t\t\t\t\t<div class=\"elementor-icon-box-content\">\n\n\t\t\t\t\t\t\t\t\t<h3 class=\"elementor-icon-box-title\">\n\t\t\t\t\t\t<span  >\n\t\t\t\t\t\t\t(11)  2758-2032 \t\t\t\t\t\t<\/span>\n\t\t\t\t\t<\/h3>\n\t\t\t\t\n\t\t\t\t\n\t\t\t<\/div>\n\t\t\t\n\t\t<\/div>\n\t\t\t\t\t\t<\/div>\n\t\t\t\t<\/div>\n\t\t\t\t<\/div>\n\t\t<div class=\"elementor-element elementor-element-bb806e4 e-con-full e-flex e-con e-child\" data-id=\"bb806e4\" data-element_type=\"container\">\n\t\t\t\t<div class=\"elementor-element elementor-element-e496ccb elementor-view-default elementor-position-top elementor-mobile-position-top elementor-widget elementor-widget-icon-box\" data-id=\"e496ccb\" data-element_type=\"widget\" data-widget_type=\"icon-box.default\">\n\t\t\t\t<div class=\"elementor-widget-container\">\n\t\t\t\t\t\t\t<div class=\"elementor-icon-box-wrapper\">\n\n\t\t\t\t\t\t<div class=\"elementor-icon-box-icon\">\n\t\t\t\t<span  class=\"elementor-icon\">\n\t\t\t\t<svg aria-hidden=\"true\" class=\"e-font-icon-svg e-fab-whatsapp\" viewBox=\"0 0 448 512\" xmlns=\"http:\/\/www.w3.org\/2000\/svg\"><path d=\"M380.9 97.1C339 55.1 283.2 32 223.9 32c-122.4 0-222 99.6-222 222 0 39.1 10.2 77.3 29.6 111L0 480l117.7-30.9c32.4 17.7 68.9 27 106.1 27h.1c122.3 0 224.1-99.6 224.1-222 0-59.3-25.2-115-67.1-157zm-157 341.6c-33.2 0-65.7-8.9-94-25.7l-6.7-4-69.8 18.3L72 359.2l-4.4-7c-18.5-29.4-28.2-63.3-28.2-98.2 0-101.7 82.8-184.5 184.6-184.5 49.3 0 95.6 19.2 130.4 54.1 34.8 34.9 56.2 81.2 56.1 130.5 0 101.8-84.9 184.6-186.6 184.6zm101.2-138.2c-5.5-2.8-32.8-16.2-37.9-18-5.1-1.9-8.8-2.8-12.5 2.8-3.7 5.6-14.3 18-17.6 21.8-3.2 3.7-6.5 4.2-12 1.4-32.6-16.3-54-29.1-75.5-66-5.7-9.8 5.7-9.1 16.3-30.3 1.8-3.7.9-6.9-.5-9.7-1.4-2.8-12.5-30.1-17.1-41.2-4.5-10.8-9.1-9.3-12.5-9.5-3.2-.2-6.9-.2-10.6-.2-3.7 0-9.7 1.4-14.8 6.9-5.1 5.6-19.4 19-19.4 46.3 0 27.3 19.9 53.7 22.6 57.4 2.8 3.7 39.1 59.7 94.8 83.8 35.2 15.2 49 16.5 66.6 13.9 10.7-1.6 32.8-13.4 37.4-26.4 4.6-13 4.6-24.1 3.2-26.4-1.3-2.5-5-3.9-10.5-6.6z\"><\/path><\/svg>\t\t\t\t<\/span>\n\t\t\t<\/div>\n\t\t\t\n\t\t\t\t\t\t<div class=\"elementor-icon-box-content\">\n\n\t\t\t\t\t\t\t\t\t<h3 class=\"elementor-icon-box-title\">\n\t\t\t\t\t\t<span  >\n\t\t\t\t\t\t\t(11)  96333-8705\t\t\t\t\t\t<\/span>\n\t\t\t\t\t<\/h3>\n\t\t\t\t\n\t\t\t\t\n\t\t\t<\/div>\n\t\t\t\n\t\t<\/div>\n\t\t\t\t\t\t<\/div>\n\t\t\t\t<\/div>\n\t\t\t\t<\/div>\n\t\t<div class=\"elementor-element elementor-element-17418a9 e-con-full e-flex e-con e-child\" data-id=\"17418a9\" data-element_type=\"container\">\n\t\t\t\t<div class=\"elementor-element elementor-element-f96daa1 elementor-view-default elementor-position-top elementor-mobile-position-top elementor-widget elementor-widget-icon-box\" data-id=\"f96daa1\" data-element_type=\"widget\" data-widget_type=\"icon-box.default\">\n\t\t\t\t<div class=\"elementor-widget-container\">\n\t\t\t\t\t\t\t<div class=\"elementor-icon-box-wrapper\">\n\n\t\t\t\t\t\t<div class=\"elementor-icon-box-icon\">\n\t\t\t\t<span  class=\"elementor-icon\">\n\t\t\t\t<svg aria-hidden=\"true\" class=\"e-font-icon-svg e-far-envelope\" viewBox=\"0 0 512 512\" xmlns=\"http:\/\/www.w3.org\/2000\/svg\"><path d=\"M464 64H48C21.49 64 0 85.49 0 112v288c0 26.51 21.49 48 48 48h416c26.51 0 48-21.49 48-48V112c0-26.51-21.49-48-48-48zm0 48v40.805c-22.422 18.259-58.168 46.651-134.587 106.49-16.841 13.247-50.201 45.072-73.413 44.701-23.208.375-56.579-31.459-73.413-44.701C106.18 199.465 70.425 171.067 48 152.805V112h416zM48 400V214.398c22.914 18.251 55.409 43.862 104.938 82.646 21.857 17.205 60.134 55.186 103.062 54.955 42.717.231 80.509-37.199 103.053-54.947 49.528-38.783 82.032-64.401 104.947-82.653V400H48z\"><\/path><\/svg>\t\t\t\t<\/span>\n\t\t\t<\/div>\n\t\t\t\n\t\t\t\t\t\t<div class=\"elementor-icon-box-content\">\n\n\t\t\t\t\t\t\t\t\t<h3 class=\"elementor-icon-box-title\">\n\t\t\t\t\t\t<span  >\n\t\t\t\t\t\t\tcomercial@gt3laminados.com.br\t\t\t\t\t\t<\/span>\n\t\t\t\t\t<\/h3>\n\t\t\t\t\n\t\t\t\t\n\t\t\t<\/div>\n\t\t\t\n\t\t<\/div>\n\t\t\t\t\t\t<\/div>\n\t\t\t\t<\/div>\n\t\t\t\t<\/div>\n\t\t\t\t<\/div>\n\t\t\t\t<\/div>\n\t\t\t\t<\/div>\n\t\t\t\t\t<\/div>\n\t\t\t\t<\/div>\n\t\t\t\t<\/div>\n\t\t","protected":false},"excerpt":{"rendered":"<p>Compromisso com o Futuro Na GT3, acreditamos que inovar tamb\u00e9m \u00e9 preservar. Por isso, adotamos pr\u00e1ticas sustent\u00e1veis em todas as etapas do nosso processo \u2014 da escolha da mat\u00e9ria-prima \u00e0 destina\u00e7\u00e3o dos res\u00edduos. Nosso compromisso com o meio ambiente vai al\u00e9m do discurso: ele est\u00e1 presente nas nossas a\u00e7\u00f5es di\u00e1rias e nas solu\u00e7\u00f5es que entregamos&hellip;&nbsp;<a href=\"https:\/\/gt3laminados.com.br\/index.php\/sustentabilidade\/\" rel=\"bookmark\"><span class=\"screen-reader-text\">Sustentabilidade<\/span><\/a><\/p>\n","protected":false},"author":1,"featured_media":0,"parent":0,"menu_order":0,"comment_status":"closed","ping_status":"closed","template":"page-templates\/template-pagebuilder-full-width.php","meta":{"neve_meta_sidebar":"","neve_meta_container":"","neve_meta_enable_content_width":"","neve_meta_content_width":0,"neve_meta_title_alignment":"","neve_meta_author_avatar":"","neve_post_elements_order":"","neve_meta_disable_header":"","neve_meta_disable_footer":"","neve_meta_disable_title":"","_joinchat":[],"footnotes":""},"class_list":["post-142","page","type-page","status-publish","hentry"],"_links":{"self":[{"href":"https:\/\/gt3laminados.com.br\/index.php\/wp-json\/wp\/v2\/pages\/142","targetHints":{"allow":["GET"]}}],"collection":[{"href":"https:\/\/gt3laminados.com.br\/index.php\/wp-json\/wp\/v2\/pages"}],"about":[{"href":"https:\/\/gt3laminados.com.br\/index.php\/wp-json\/wp\/v2\/types\/page"}],"author":[{"embeddable":true,"href":"https:\/\/gt3laminados.com.br\/index.php\/wp-json\/wp\/v2\/users\/1"}],"replies":[{"embeddable":true,"href":"https:\/\/gt3laminados.com.br\/index.php\/wp-json\/wp\/v2\/comments?post=142"}],"version-history":[{"count":7,"href":"https:\/\/gt3laminados.com.br\/index.php\/wp-json\/wp\/v2\/pages\/142\/revisions"}],"predecessor-version":[{"id":190,"href":"https:\/\/gt3laminados.com.br\/index.php\/wp-json\/wp\/v2\/pages\/142\/revisions\/190"}],"wp:attachment":[{"href":"https:\/\/gt3laminados.com.br\/index.php\/wp-json\/wp\/v2\/media?parent=142"}],"curies":[{"name":"wp","href":"https:\/\/api.w.org\/{rel}","templated":true}]}}